{"id":254,"date":"2020-04-17T02:16:50","date_gmt":"2020-04-17T02:16:50","guid":{"rendered":"https:\/\/omniamedic.com\/?page_id=254"},"modified":"2025-10-08T19:07:05","modified_gmt":"2025-10-08T17:07:05","slug":"kontakt","status":"publish","type":"page","link":"https:\/\/omniamedic.com\/it\/kontakt\/","title":{"rendered":"Contatti"},"content":{"rendered":"<div data-elementor-type=\"wp-page\" data-elementor-id=\"254\" class=\"elementor elementor-254\" data-elementor-post-type=\"page\">\n\t\t\t\t\t\t<section class=\"elementor-section elementor-top-section elementor-element elementor-element-09f20a7 elementor-section-boxed elementor-section-gap-beside-yes elementor-section-height-default elementor-section-height-default elementor-section-content-align-center elementor-section-column-vertical-align-stretch\" data-id=\"09f20a7\" data-element_type=\"section\" data-e-type=\"section\">\n\t\t\t\t\t\t<div class=\"elementor-container elementor-column-gap-extended\">\n\t\t\t\t\t<div class=\"elementor-column elementor-col-100 elementor-top-column elementor-element elementor-element-3a3c2e6\" data-id=\"3a3c2e6\" data-element_type=\"column\" data-e-type=\"column\">\n\t\t\t<div class=\"elementor-widget-wrap elementor-element-populated\">\n\t\t\t\t\t\t<section class=\"elementor-section elementor-inner-section elementor-element elementor-element-ce6c0c5 elementor-section-gap-beside-no elementor-section-boxed elementor-section-height-default elementor-section-height-default elementor-section-column-vertical-align-stretch\" data-id=\"ce6c0c5\" data-element_type=\"section\" data-e-type=\"section\">\n\t\t\t\t\t\t<div class=\"elementor-container elementor-column-gap-extended\">\n\t\t\t\t\t<div class=\"elementor-column elementor-col-100 elementor-inner-column elementor-element elementor-element-95dbbd0\" data-id=\"95dbbd0\" data-element_type=\"column\" data-e-type=\"column\">\n\t\t\t<div class=\"elementor-widget-wrap elementor-element-populated\">\n\t\t\t\t\t\t<div class=\"elementor-element elementor-element-bd7f3ae elementor-invisible elementor-widget elementor-widget-tm-heading\" data-id=\"bd7f3ae\" data-element_type=\"widget\" data-e-type=\"widget\" data-settings=\"{&quot;_animation&quot;:&quot;tmFadeInUp&quot;}\" data-widget_type=\"tm-heading.default\">\n\t\t\t\t<div class=\"elementor-widget-container\">\n\t\t\t\t\t\t\t<div class=\"tm-modern-heading style-01\">\n\t\t\t\n\t\t\t\t\t<div class=\"heading-primary-wrap\">\n\t\t\t<h3 class=\"heading-primary elementor-heading-title\">Contatta il nostro team<\/h3>\t\t<\/div>\n\t\t\n\t\t\t\n\t\t\t\t\t<div class=\"heading-description-wrap\">\n\t\t\t<div class=\"heading-description\">\n\t\t\t\t<p class=\"p1\">Per offerte, disponibilit\u00e0 e tempi di consegna, chiamaci durante l&#039;orario lavorativo o vieni a trovarci in ufficio.<\/p><p class=\"p1\">Rispondiamo alle richieste via e-mail entro <span class=\"s1\"><b>24\u201348 ore.<\/b><\/span><\/p>\t\t\t<\/div>\n\t\t<\/div>\n\t\t\t<\/div>\n\t\t\t\t\t\t<\/div>\n\t\t\t\t<\/div>\n\t\t\t\t\t<\/div>\n\t\t<\/div>\n\t\t\t\t\t<\/div>\n\t\t<\/section>\n\t\t\t\t<section class=\"elementor-section elementor-inner-section elementor-element elementor-element-9fb2763 elementor-section-gap-beside-no elementor-section-boxed elementor-section-height-default elementor-section-height-default elementor-section-column-vertical-align-stretch\" data-id=\"9fb2763\" data-element_type=\"section\" data-e-type=\"section\">\n\t\t\t\t\t\t<div class=\"elementor-container elementor-column-gap-wider\">\n\t\t\t\t\t<div class=\"elementor-column elementor-col-33 elementor-inner-column elementor-element elementor-element-de4adc6\" data-id=\"de4adc6\" data-element_type=\"column\" data-e-type=\"column\">\n\t\t\t<div class=\"elementor-widget-wrap elementor-element-populated\">\n\t\t\t\t\t\t<div class=\"elementor-element elementor-element-bab0e90 elementor-position-left medizin-view-default elementor-vertical-align-top elementor-invisible elementor-widget elementor-widget-tm-icon-box\" data-id=\"bab0e90\" data-element_type=\"widget\" data-e-type=\"widget\" data-settings=\"{&quot;_animation&quot;:&quot;tmFadeInUp&quot;}\" data-widget_type=\"tm-icon-box.default\">\n\t\t\t\t<div class=\"elementor-widget-container\">\n\t\t\t\t\t\t\t<div class=\"tm-icon-box medizin-box\">\n\t\t<div class=\"icon-box-wrapper\">\n\t\t\t\t\t<div class=\"medizin-icon-wrap\">\n\t\t\t<div class=\"medizin-icon-view\">\n\t\t\t\t<div class=\"medizin-icon icon medizin-solid-icon\">\n\t\t\t\t\t<i aria-hidden=\"true\" class=\"fal fa-map-marker-alt\"><\/i>\t\t\t\t<\/div>\n\t\t\t<\/div>\n\t\t<\/div>\n\t\t\n\t\t\t<div class=\"icon-box-content\">\n\t\t\t\t\t\t<div class=\"heading-wrap\">\n\t\t\t<h3 class=\"heading\">Indirizzo<\/h3>\n\t\t\t\t\t<\/div>\n\t\t\n\t\t\t\t\t\t<div class=\"description-wrap\">\n\t\t\t<div class=\"description\">\n\t\t\t\tBistua Nuova 10,<\/br>\n72000 Zenica<\/br>\nBosnia ed Erzegovina\t\t\t<\/div>\n\t\t<\/div>\n\t\t\n\t\t\t\t\t\t\t<\/div>\n\t\t<\/div>\n\n\t\t<\/div>\t\t\t\t\t\t<\/div>\n\t\t\t\t<\/div>\n\t\t\t\t\t<\/div>\n\t\t<\/div>\n\t\t\t\t<div class=\"elementor-column elementor-col-33 elementor-inner-column elementor-element elementor-element-d653f35\" data-id=\"d653f35\" data-element_type=\"column\" data-e-type=\"column\">\n\t\t\t<div class=\"elementor-widget-wrap elementor-element-populated\">\n\t\t\t\t\t\t<div class=\"elementor-element elementor-element-2aeac6d elementor-position-left medizin-view-default elementor-vertical-align-top elementor-invisible elementor-widget elementor-widget-tm-icon-box\" data-id=\"2aeac6d\" data-element_type=\"widget\" data-e-type=\"widget\" data-settings=\"{&quot;_animation&quot;:&quot;tmFadeInUp&quot;}\" data-widget_type=\"tm-icon-box.default\">\n\t\t\t\t<div class=\"elementor-widget-container\">\n\t\t\t\t\t\t\t<div class=\"tm-icon-box medizin-box\">\n\t\t<div class=\"icon-box-wrapper\">\n\t\t\t\t\t<div class=\"medizin-icon-wrap\">\n\t\t\t<div class=\"medizin-icon-view\">\n\t\t\t\t<div class=\"medizin-icon icon medizin-solid-icon\">\n\t\t\t\t\t<i aria-hidden=\"true\" class=\"fal fa-phone\"><\/i>\t\t\t\t<\/div>\n\t\t\t<\/div>\n\t\t<\/div>\n\t\t\n\t\t\t<div class=\"icon-box-content\">\n\t\t\t\t\t\t<div class=\"heading-wrap\">\n\t\t\t<h3 class=\"heading\">Contatti<\/h3>\n\t\t\t\t\t<\/div>\n\t\t\n\t\t\t\t\t\t<div class=\"description-wrap\">\n\t\t\t<div class=\"description\">\n\t\t\t\tTelefono: <span class=\"font-700 heading-color\">+387 (0) 32 441 400<\/span><br \/>\nVende: <span class=\"font-700 heading-color\">+387 (0) 32 246 666<\/span><br \/>\nFax: <span class=\"font-700 heading-color\">+387 (0) 32 441 401<\/span><br \/>\nE-mail: <span class=\"heading-color\">info@omniamedic.com<\/span>\t\t\t<\/div>\n\t\t<\/div>\n\t\t\n\t\t\t\t\t\t\t<\/div>\n\t\t<\/div>\n\n\t\t<\/div>\t\t\t\t\t\t<\/div>\n\t\t\t\t<\/div>\n\t\t\t\t\t<\/div>\n\t\t<\/div>\n\t\t\t\t<div class=\"elementor-column elementor-col-33 elementor-inner-column elementor-element elementor-element-ec081d3\" data-id=\"ec081d3\" data-element_type=\"column\" data-e-type=\"column\">\n\t\t\t<div class=\"elementor-widget-wrap elementor-element-populated\">\n\t\t\t\t\t\t<div class=\"elementor-element elementor-element-4eb9c2e elementor-position-left medizin-view-default elementor-vertical-align-top elementor-invisible elementor-widget elementor-widget-tm-icon-box\" data-id=\"4eb9c2e\" data-element_type=\"widget\" data-e-type=\"widget\" data-settings=\"{&quot;_animation&quot;:&quot;tmFadeInUp&quot;}\" data-widget_type=\"tm-icon-box.default\">\n\t\t\t\t<div class=\"elementor-widget-container\">\n\t\t\t\t\t\t\t<div class=\"tm-icon-box medizin-box\">\n\t\t<div class=\"icon-box-wrapper\">\n\t\t\t\t\t<div class=\"medizin-icon-wrap\">\n\t\t\t<div class=\"medizin-icon-view\">\n\t\t\t\t<div class=\"medizin-icon icon medizin-solid-icon\">\n\t\t\t\t\t<i aria-hidden=\"true\" class=\"fal fa-clock\"><\/i>\t\t\t\t<\/div>\n\t\t\t<\/div>\n\t\t<\/div>\n\t\t\n\t\t\t<div class=\"icon-box-content\">\n\t\t\t\t\t\t<div class=\"heading-wrap\">\n\t\t\t<h3 class=\"heading\">Orario di lavoro<\/h3>\n\t\t\t\t\t<\/div>\n\t\t\n\t\t\t\t\t\t<div class=\"description-wrap\">\n\t\t\t<div class=\"description\">\n\t\t\t\tLuned\u00ec - Venerd\u00ec: 07:30 - 16:00 <br \/>\n\t\t\t<\/div>\n\t\t<\/div>\n\t\t\n\t\t\t\t\t\t\t<\/div>\n\t\t<\/div>\n\n\t\t<\/div>\t\t\t\t\t\t<\/div>\n\t\t\t\t<\/div>\n\t\t\t\t\t<\/div>\n\t\t<\/div>\n\t\t\t\t\t<\/div>\n\t\t<\/section>\n\t\t\t\t<section class=\"elementor-section elementor-inner-section elementor-element elementor-element-dd4dfc7 elementor-section-gap-beside-no elementor-section-boxed elementor-section-height-default elementor-section-height-default elementor-section-column-vertical-align-stretch\" data-id=\"dd4dfc7\" data-element_type=\"section\" data-e-type=\"section\">\n\t\t\t\t\t\t<div class=\"elementor-container elementor-column-gap-extended\">\n\t\t\t\t\t<div class=\"elementor-column elementor-col-100 elementor-inner-column elementor-element elementor-element-d6d5a47\" data-id=\"d6d5a47\" data-element_type=\"column\" data-e-type=\"column\">\n\t\t\t<div class=\"elementor-widget-wrap elementor-element-populated\">\n\t\t\t\t\t\t<div class=\"elementor-element elementor-element-458ca8e elementor-widget elementor-widget-html\" data-id=\"458ca8e\" data-element_type=\"widget\" data-e-type=\"widget\" data-widget_type=\"html.default\">\n\t\t\t\t<div class=\"elementor-widget-container\">\n\t\t\t\t\t<iframe src=\"https:\/\/www.google.com\/maps\/embed?pb=!1m14!1m8!1m3!1d11443.94703203957!2d17.9634116!3d44.1867396!3m2!1i1024!2i768!4f13.1!3m3!1m2!1s0x0%3A0x7822ece4bf74ce72!2sOmnia%20Medic!5e0!3m2!1shr!2sba!4v1637072024238!5m2!1shr!2sba\" width=\"600\" height=\"450\" style=\"border:0;\" allowfullscreen=\"\" loading=\"lazy\"><\/iframe>\t\t\t\t<\/div>\n\t\t\t\t<\/div>\n\t\t\t\t\t<\/div>\n\t\t<\/div>\n\t\t\t\t\t<\/div>\n\t\t<\/section>\n\t\t\t\t\t<\/div>\n\t\t<\/div>\n\t\t\t\t\t<\/div>\n\t\t<\/section>\n\t\t\t\t<section class=\"elementor-section elementor-top-section elementor-element elementor-element-367f620 elementor-section-boxed elementor-section-gap-beside-yes elementor-section-height-default elementor-section-height-default elementor-section-content-align-center elementor-section-column-vertical-align-stretch\" data-id=\"367f620\" data-element_type=\"section\" data-e-type=\"section\">\n\t\t\t\t\t\t<div class=\"elementor-container elementor-column-gap-extended\">\n\t\t\t\t\t<div class=\"elementor-column elementor-col-100 elementor-top-column elementor-element elementor-element-5b53d83\" data-id=\"5b53d83\" data-element_type=\"column\" data-e-type=\"column\">\n\t\t\t<div class=\"elementor-widget-wrap elementor-element-populated\">\n\t\t\t\t\t\t<div class=\"elementor-element elementor-element-02d9ef9 elementor-invisible elementor-widget elementor-widget-tm-heading\" data-id=\"02d9ef9\" data-element_type=\"widget\" data-e-type=\"widget\" data-settings=\"{&quot;_animation&quot;:&quot;tmFadeInUp&quot;}\" data-widget_type=\"tm-heading.default\">\n\t\t\t\t<div class=\"elementor-widget-container\">\n\t\t\t\t\t\t\t<div class=\"tm-modern-heading style-01\">\n\t\t\t\n\t\t\t\t\t<div class=\"heading-primary-wrap\">\n\t\t\t<h3 class=\"heading-primary elementor-heading-title\">Inviaci un messaggio...<\/h3>\t\t<\/div>\n\t\t\n\t\t\t\n\t\t\t\t\t<\/div>\n\t\t\t\t\t\t<\/div>\n\t\t\t\t<\/div>\n\t\t\t\t<div class=\"elementor-element elementor-element-98f7dfe medizin-button-align-center medizin-contact-form-style-01 elementor-invisible elementor-widget elementor-widget-tm-contact-form-7\" data-id=\"98f7dfe\" data-element_type=\"widget\" data-e-type=\"widget\" data-settings=\"{&quot;_animation&quot;:&quot;tmFadeInUp&quot;}\" data-widget_type=\"tm-contact-form-7.default\">\n\t\t\t\t<div class=\"elementor-widget-container\">\n\t\t\t\t\t\t\t<div class=\"medizin-contact-form-7\">\n\t\t\t\n<div class=\"wpcf7 no-js\" id=\"wpcf7-f420-o1\" lang=\"en-US\" dir=\"ltr\" data-wpcf7-id=\"420\">\n<div class=\"screen-reader-response\"><p role=\"status\" aria-live=\"polite\" aria-atomic=\"true\"><\/p> <ul><\/ul><\/div>\n<form action=\"\/it\/wp-json\/wp\/v2\/pages\/254#wpcf7-f420-o1\" method=\"post\" class=\"wpcf7-form init\" aria-label=\"Contact form\" novalidate=\"novalidate\" data-status=\"init\" data-trp-original-action=\"\/it\/wp-json\/wp\/v2\/pages\/254#wpcf7-f420-o1\">\n<fieldset class=\"hidden-fields-container\"><input type=\"hidden\" name=\"_wpcf7\" value=\"420\" \/><input type=\"hidden\" name=\"_wpcf7_version\" value=\"6.1.5\" \/><input type=\"hidden\" name=\"_wpcf7_locale\" value=\"en_US\" \/><input type=\"hidden\" name=\"_wpcf7_unit_tag\" value=\"wpcf7-f420-o1\" \/><input type=\"hidden\" name=\"_wpcf7_container_post\" value=\"0\" \/><input type=\"hidden\" name=\"_wpcf7_posted_data_hash\" value=\"\" \/>\n<\/fieldset>\n<div class=\"row\">\n\t<div class=\"col-md-6\">\n\t\t<div class=\"form-item\">\n\t\t\t<p><span class=\"wpcf7-form-control-wrap\" data-name=\"your-first-name\"><input size=\"40\" maxlength=\"400\" class=\"wpcf7-form-control wpcf7-text wpcf7-validates-as-required\" aria-required=\"true\" aria-invalid=\"false\" placeholder=\"Il tuo nome\" value=\"\" type=\"text\" name=\"your-first-name\" \/><\/span>\n\t\t\t<\/p>\n\t\t<\/div>\n\t<\/div>\n\t<div class=\"col-md-6\">\n\t\t<div class=\"form-item\">\n\t\t\t<p><span class=\"wpcf7-form-control-wrap\" data-name=\"your-last-name\"><input size=\"40\" maxlength=\"400\" class=\"wpcf7-form-control wpcf7-text wpcf7-validates-as-required\" aria-required=\"true\" aria-invalid=\"false\" placeholder=\"Il tuo cognome\" value=\"\" type=\"text\" name=\"your-last-name\" \/><\/span>\n\t\t\t<\/p>\n\t\t<\/div>\n\t<\/div>\n\t<div class=\"col-md-6\">\n\t\t<div class=\"form-item\">\n\t\t\t<p><span class=\"wpcf7-form-control-wrap\" data-name=\"your-email\"><input size=\"40\" maxlength=\"400\" class=\"wpcf7-form-control wpcf7-email wpcf7-validates-as-required wpcf7-text wpcf7-validates-as-email\" aria-required=\"true\" aria-invalid=\"false\" placeholder=\"La tua email\" value=\"\" type=\"email\" name=\"your-email\" \/><\/span>\n\t\t\t<\/p>\n\t\t<\/div>\n\t<\/div>\n\t<div class=\"col-md-6\">\n\t\t<div class=\"form-item\">\n\t\t\t<p><span class=\"wpcf7-form-control-wrap\" data-name=\"your-phone\"><input size=\"40\" maxlength=\"400\" class=\"wpcf7-form-control wpcf7-tel wpcf7-text wpcf7-validates-as-tel\" aria-invalid=\"false\" placeholder=\"Il tuo telefono\" value=\"\" type=\"tel\" name=\"your-phone\" \/><\/span>\n\t\t\t<\/p>\n\t\t<\/div>\n\t<\/div>\n\t<div class=\"col-md-12\">\n\t\t<div class=\"form-item\">\n\t\t\t<p><span class=\"wpcf7-form-control-wrap\" data-name=\"your-message\"><textarea cols=\"40\" rows=\"10\" maxlength=\"2000\" class=\"wpcf7-form-control wpcf7-textarea\" aria-invalid=\"false\" placeholder=\"Messaggio\" name=\"your-message\"><\/textarea><\/span>\n\t\t\t<\/p>\n\t\t<\/div>\n\t<\/div>\n\t<div class=\"col-md-12\">\n\t\t<div class=\"form-submit\">\n\t\t\t<p><input class=\"wpcf7-form-control wpcf7-submit has-spinner\" type=\"submit\" value=\"Invia messaggio\" \/>\n\t\t\t<\/p>\n\t\t<\/div>\n\t<\/div>\n<\/div><div class=\"wpcf7-response-output\" aria-hidden=\"true\"><\/div>\n<input type=\"hidden\" name=\"trp-form-language\" value=\"it\"\/><\/form>\n<\/div>\n\t\t<\/div>\n\t\t\t\t\t\t<\/div>\n\t\t\t\t<\/div>\n\t\t\t\t\t<\/div>\n\t\t<\/div>\n\t\t\t\t\t<\/div>\n\t\t<\/section>\n\t\t\t\t<\/div>","protected":false},"excerpt":{"rendered":"<p>Kontaktirajte na\u0161 tim Za ponude, dostupnost i rokove isporuke pozovite nas u radno vrijeme ili posjetite na\u0161u kancelariju. Na e-mail upite odgovaramo u roku od 24\u201348 sati. Adresa Bistua Nuova 10, 72000 Zenica Bosna i Hercegovina Kontakt Telefon: +387 (0) 32 441 400 Prodaje: +387 (0) 32 246 666 Fax: +387 (0) 32 441 401 E-mail: info@omniamedic.com Radno vrijeme Ponedjeljak &#8211; Petak: 07:30 &#8211; 16:00 Po\u0161aljite nam poruku&#8230;<\/p>","protected":false},"author":2,"featured_media":0,"parent":0,"menu_order":0,"comment_status":"closed","ping_status":"closed","template":"","meta":{"footnotes":""},"class_list":["post-254","page","type-page","status-publish","hentry","post-no-thumbnail"],"yoast_head":"<!-- This site is optimized with the Yoast SEO Premium plugin v25.5 (Yoast SEO v27.4) - https:\/\/yoast.com\/product\/yoast-seo-premium-wordpress\/ -->\n<title>Kontakt | Omnia Medic<\/title>\n<meta name=\"description\" content=\"Kontaktirajte Omnia-Medic za ponude, provjeru dostupnosti i rokove isporuke. Tel: +387 32 246 666 \u00b7 Email: info@omniamedic.com.\" \/>\n<meta name=\"robots\" content=\"index, follow, max-snippet:-1, max-image-preview:large, max-video-preview:-1\" \/>\n<link rel=\"canonical\" href=\"https:\/\/omniamedic.com\/it\/kontakt\/\" \/>\n<meta property=\"og:locale\" content=\"it_IT\" \/>\n<meta property=\"og:type\" content=\"article\" \/>\n<meta property=\"og:title\" content=\"Kontaktirajte Omnia Medic - Va\u0161e mi\u0161ljenje je va\u017eno\" \/>\n<meta property=\"og:description\" content=\"Nazovite nas ili posjetite na\u0161e kancelarije. Odgovaramo brzo!\" \/>\n<meta property=\"og:url\" content=\"https:\/\/omniamedic.com\/it\/kontakt\/\" \/>\n<meta property=\"og:site_name\" content=\"Omnia Medic\" \/>\n<meta property=\"article:publisher\" content=\"https:\/\/www.facebook.com\/omniamedicdoo\" \/>\n<meta property=\"article:modified_time\" content=\"2025-10-08T17:07:05+00:00\" \/>\n<meta property=\"og:image\" content=\"https:\/\/omniamedic.com\/wp-content\/uploads\/2025\/10\/omnia-medic-logo.webp\" \/>\n\t<meta property=\"og:image:width\" content=\"1920\" \/>\n\t<meta property=\"og:image:height\" content=\"1080\" \/>\n\t<meta property=\"og:image:type\" content=\"image\/webp\" \/>\n<meta name=\"twitter:card\" content=\"summary_large_image\" \/>\n<meta name=\"twitter:title\" content=\"Kontaktirajte Omnia Medic - Va\u0161e mi\u0161ljenje je va\u017eno\" \/>\n<meta name=\"twitter:description\" content=\"Nazovite nas ili posjetite na\u0161e kancelarije. Odgovaramo brzo!\" \/>\n<meta name=\"twitter:site\" content=\"@omniamedic\" \/>\n<meta name=\"twitter:label1\" content=\"Tempo di lettura stimato\" \/>\n\t<meta name=\"twitter:data1\" content=\"1 minuto\" \/>\n<script type=\"application\/ld+json\" class=\"yoast-schema-graph\">{\"@context\":\"https:\\\/\\\/schema.org\",\"@graph\":[{\"@type\":\"WebPage\",\"@id\":\"https:\\\/\\\/omniamedic.com\\\/kontakt\\\/\",\"url\":\"https:\\\/\\\/omniamedic.com\\\/kontakt\\\/\",\"name\":\"Kontakt | Omnia Medic\",\"isPartOf\":{\"@id\":\"https:\\\/\\\/omniamedic.com\\\/#website\"},\"datePublished\":\"2020-04-17T02:16:50+00:00\",\"dateModified\":\"2025-10-08T17:07:05+00:00\",\"description\":\"Kontaktirajte Omnia-Medic za ponude, provjeru dostupnosti i rokove isporuke. Tel: +387 32 246 666 \u00b7 Email: info@omniamedic.com.\",\"breadcrumb\":{\"@id\":\"https:\\\/\\\/omniamedic.com\\\/kontakt\\\/#breadcrumb\"},\"inLanguage\":\"it-IT\",\"potentialAction\":[{\"@type\":\"ReadAction\",\"target\":[\"https:\\\/\\\/omniamedic.com\\\/kontakt\\\/\"]}]},{\"@type\":\"BreadcrumbList\",\"@id\":\"https:\\\/\\\/omniamedic.com\\\/kontakt\\\/#breadcrumb\",\"itemListElement\":[{\"@type\":\"ListItem\",\"position\":1,\"name\":\"Home\",\"item\":\"https:\\\/\\\/omniamedic.com\\\/\"},{\"@type\":\"ListItem\",\"position\":2,\"name\":\"Kontakt\"}]},{\"@type\":\"WebSite\",\"@id\":\"https:\\\/\\\/omniamedic.com\\\/#website\",\"url\":\"https:\\\/\\\/omniamedic.com\\\/\",\"name\":\"Omnia Medic\",\"description\":\"Medicinska oprema i potro\u0161ni materijal u BiH\",\"publisher\":{\"@id\":\"https:\\\/\\\/omniamedic.com\\\/#organization\"},\"alternateName\":\"Omnia-Medic\",\"potentialAction\":[{\"@type\":\"SearchAction\",\"target\":{\"@type\":\"EntryPoint\",\"urlTemplate\":\"https:\\\/\\\/omniamedic.com\\\/?s={search_term_string}\"},\"query-input\":{\"@type\":\"PropertyValueSpecification\",\"valueRequired\":true,\"valueName\":\"search_term_string\"}}],\"inLanguage\":\"it-IT\"},{\"@type\":\"Organization\",\"@id\":\"https:\\\/\\\/omniamedic.com\\\/#organization\",\"name\":\"Omnia Medic\",\"alternateName\":\"Omnia-Medic\",\"url\":\"https:\\\/\\\/omniamedic.com\\\/\",\"logo\":{\"@type\":\"ImageObject\",\"inLanguage\":\"it-IT\",\"@id\":\"https:\\\/\\\/omniamedic.com\\\/#\\\/schema\\\/logo\\\/image\\\/\",\"url\":\"https:\\\/\\\/omniamedic.com\\\/wp-content\\\/uploads\\\/2025\\\/10\\\/omnia-medic-logo.webp\",\"contentUrl\":\"https:\\\/\\\/omniamedic.com\\\/wp-content\\\/uploads\\\/2025\\\/10\\\/omnia-medic-logo.webp\",\"width\":1920,\"height\":1080,\"caption\":\"Omnia Medic\"},\"image\":{\"@id\":\"https:\\\/\\\/omniamedic.com\\\/#\\\/schema\\\/logo\\\/image\\\/\"},\"sameAs\":[\"https:\\\/\\\/www.facebook.com\\\/omniamedicdoo\",\"https:\\\/\\\/x.com\\\/omniamedic\"],\"description\":\"Omnia-Medic je ovla\u0161teni distributer medicinske opreme i potro\u0161nog materijala u BiH. Snabdijevamo bolnice, klinike i apoteke provjerenim brendovima, uz brzu isporuku i urednu dokumentaciju. Pokrivamo 16 medicinskih podru\u010dja i pru\u017eamo stru\u010dnu podr\u0161ku pri izboru i uvo\u0111enju proizvoda. Fokus nam je pouzdanost, dostupnost i dugoro\u010dna saradnja.\",\"telephone\":\"+38732441400\",\"legalName\":\"\\\"OMNIA-MEDIC\\\" d.o.o. Zenica\",\"foundingDate\":\"2004-09-06\",\"duns\":\"672719866\",\"numberOfEmployees\":{\"@type\":\"QuantitativeValue\",\"minValue\":\"11\",\"maxValue\":\"50\"}}]}<\/script>\n<!-- \/ Yoast SEO Premium plugin. -->","yoast_head_json":{"title":"Contatti | Omnia Medic","description":"Contatta Omnia-Medic per preventivi, verifica della disponibilit\u00e0 e tempi di consegna. Tel: +387 32 246 666 \u00b7 Email: info@omniamedic.com.","robots":{"index":"index","follow":"follow","max-snippet":"max-snippet:-1","max-image-preview":"max-image-preview:large","max-video-preview":"max-video-preview:-1"},"canonical":"https:\/\/omniamedic.com\/it\/kontakt\/","og_locale":"it_IT","og_type":"article","og_title":"Kontaktirajte Omnia Medic - Va\u0161e mi\u0161ljenje je va\u017eno","og_description":"Nazovite nas ili posjetite na\u0161e kancelarije. Odgovaramo brzo!","og_url":"https:\/\/omniamedic.com\/it\/kontakt\/","og_site_name":"Omnia Medic","article_publisher":"https:\/\/www.facebook.com\/omniamedicdoo","article_modified_time":"2025-10-08T17:07:05+00:00","og_image":[{"width":1920,"height":1080,"url":"https:\/\/omniamedic.com\/wp-content\/uploads\/2025\/10\/omnia-medic-logo.webp","type":"image\/webp"}],"twitter_card":"summary_large_image","twitter_title":"Kontaktirajte Omnia Medic - Va\u0161e mi\u0161ljenje je va\u017eno","twitter_description":"Nazovite nas ili posjetite na\u0161e kancelarije. Odgovaramo brzo!","twitter_site":"@omniamedic","twitter_misc":{"Tempo di lettura stimato":"1 minuto"},"schema":{"@context":"https:\/\/schema.org","@graph":[{"@type":"WebPage","@id":"https:\/\/omniamedic.com\/kontakt\/","url":"https:\/\/omniamedic.com\/kontakt\/","name":"Contatti | Omnia Medic","isPartOf":{"@id":"https:\/\/omniamedic.com\/#website"},"datePublished":"2020-04-17T02:16:50+00:00","dateModified":"2025-10-08T17:07:05+00:00","description":"Contatta Omnia-Medic per preventivi, verifica della disponibilit\u00e0 e tempi di consegna. Tel: +387 32 246 666 \u00b7 Email: info@omniamedic.com.","breadcrumb":{"@id":"https:\/\/omniamedic.com\/kontakt\/#breadcrumb"},"inLanguage":"it-IT","potentialAction":[{"@type":"ReadAction","target":["https:\/\/omniamedic.com\/kontakt\/"]}]},{"@type":"BreadcrumbList","@id":"https:\/\/omniamedic.com\/kontakt\/#breadcrumb","itemListElement":[{"@type":"ListItem","position":1,"name":"Home","item":"https:\/\/omniamedic.com\/"},{"@type":"ListItem","position":2,"name":"Kontakt"}]},{"@type":"WebSite","@id":"https:\/\/omniamedic.com\/#website","url":"https:\/\/omniamedic.com\/","name":"Omnia Medic","description":"Attrezzature mediche e materiali di consumo in Bosnia-Erzegovina","publisher":{"@id":"https:\/\/omniamedic.com\/#organization"},"alternateName":"Omnia-Medic","potentialAction":[{"@type":"SearchAction","target":{"@type":"EntryPoint","urlTemplate":"https:\/\/omniamedic.com\/?s={search_term_string}"},"query-input":{"@type":"PropertyValueSpecification","valueRequired":true,"valueName":"search_term_string"}}],"inLanguage":"it-IT"},{"@type":"Organization","@id":"https:\/\/omniamedic.com\/#organization","name":"Omnia Medic","alternateName":"Omnia-Medic","url":"https:\/\/omniamedic.com\/","logo":{"@type":"ImageObject","inLanguage":"it-IT","@id":"https:\/\/omniamedic.com\/#\/schema\/logo\/image\/","url":"https:\/\/omniamedic.com\/wp-content\/uploads\/2025\/10\/omnia-medic-logo.webp","contentUrl":"https:\/\/omniamedic.com\/wp-content\/uploads\/2025\/10\/omnia-medic-logo.webp","width":1920,"height":1080,"caption":"Omnia Medic"},"image":{"@id":"https:\/\/omniamedic.com\/#\/schema\/logo\/image\/"},"sameAs":["https:\/\/www.facebook.com\/omniamedicdoo","https:\/\/x.com\/omniamedic"],"description":"Omnia-Medic \u00e8 un distributore autorizzato di apparecchiature e materiali di consumo medicali in Bosnia ed Erzegovina. Forniamo ospedali, cliniche e farmacie con marchi collaudati, con consegne rapide e documentazione completa. Copriamo 16 aree mediche e forniamo supporto professionale nella selezione e nell&#039;introduzione dei prodotti. Affidabilit\u00e0, disponibilit\u00e0 e collaborazione a lungo termine sono i nostri punti di forza.","telephone":"+38732441400","legalName":"\"OMNIA-MEDIC\" d.o.o. Zenica","foundingDate":"2004-09-06","duns":"672719866","numberOfEmployees":{"@type":"QuantitativeValue","minValue":"11","maxValue":"50"}}]}},"_links":{"self":[{"href":"https:\/\/omniamedic.com\/it\/wp-json\/wp\/v2\/pages\/254","targetHints":{"allow":["GET"]}}],"collection":[{"href":"https:\/\/omniamedic.com\/it\/wp-json\/wp\/v2\/pages"}],"about":[{"href":"https:\/\/omniamedic.com\/it\/wp-json\/wp\/v2\/types\/page"}],"author":[{"embeddable":true,"href":"https:\/\/omniamedic.com\/it\/wp-json\/wp\/v2\/users\/2"}],"replies":[{"embeddable":true,"href":"https:\/\/omniamedic.com\/it\/wp-json\/wp\/v2\/comments?post=254"}],"version-history":[{"count":1,"href":"https:\/\/omniamedic.com\/it\/wp-json\/wp\/v2\/pages\/254\/revisions"}],"predecessor-version":[{"id":8750,"href":"https:\/\/omniamedic.com\/it\/wp-json\/wp\/v2\/pages\/254\/revisions\/8750"}],"wp:attachment":[{"href":"https:\/\/omniamedic.com\/it\/wp-json\/wp\/v2\/media?parent=254"}],"curies":[{"name":"parola chiave","href":"https:\/\/api.w.org\/{rel}","templated":true}]}}